{"id":74448,"date":"2015-06-06T17:38:29","date_gmt":"2015-06-06T10:38:29","guid":{"rendered":"http:\/\/structure.thememove.com\/?page_id=74448"},"modified":"2015-06-06T17:38:29","modified_gmt":"2015-06-06T10:38:29","slug":"careers","status":"publish","type":"page","link":"https:\/\/archiconstruct.net\/index.php\/aproposdenous\/careers\/","title":{"rendered":"Careers"},"content":{"rendered":"<p>[vc_row row_type=\u00a0\u00bbrow\u00a0\u00bb type=\u00a0\u00bbgrid\u00a0\u00bb video=\u00a0\u00bb\u00a0\u00bb video_webm=\u00a0\u00bb\u00a0\u00bb video_mp4=\u00a0\u00bb\u00a0\u00bb video_ogv=\u00a0\u00bb\u00a0\u00bb background_image=\u00a0\u00bb\u00a0\u00bb parallax_speed=\u00a0\u00bb\u00a0\u00bb background_color=\u00a0\u00bb\u00a0\u00bb css=\u00a0\u00bb.vc_custom_1432547512827{margin-bottom: 50px !important;}\u00a0\u00bb][vc_column width=\u00a0\u00bb1\/4&Prime;][vc_widget_sidebar sidebar_id=\u00a0\u00bbsidebar\u00a0\u00bb][\/vc_column][vc_column width=\u00a0\u00bb3\/4&Prime;][vc_custom_heading text=\u00a0\u00bbBENEFITS AND REWARDS\u00a0\u00bb font_container=\u00a0\u00bbtag:h2|text_align:left\u00a0\u00bb el_class=\u00a0\u00bbheading-title-3&Prime; css=\u00a0\u00bb.vc_custom_1433574509564{margin-bottom: 20px !important;}\u00a0\u00bb][vc_accordion collapsible=\u00a0\u00bb\u00a0\u00bb disable_keyboard=\u00a0\u00bb\u00a0\u00bb][vc_accordion_tab title=\u00a0\u00bbCorporate Health and Wellness\u00a0\u00bb][vc_column_text]Don&rsquo;t hesitate to contact us if you have any question or concern. We are here to help and are glad to resolve any of your issue. Please feel free to reach us anytime. We&rsquo;ll get back to you as soon as possible.[\/vc_column_text][\/vc_accordion_tab][vc_accordion_tab title=\u00a0\u00bbOur Company-Paid Benefits\u00a0\u00bb][vc_column_text css_animation=\u00a0\u00bb\u00a0\u00bb]Nam viverra scelerisque turpis id fermentum. Sed bibendum sit amet odio tempor venenatis. Quisque vel lectus sem. Sed convallis ligula sit amet. Nam viverra scelerisque turpis id fermentum.[\/vc_column_text][\/vc_accordion_tab][vc_accordion_tab title=\u00a0\u00bbVoluntary Employee-Paid Benefits\u00a0\u00bb][vc_column_text css_animation=\u00a0\u00bb\u00a0\u00bb]I am text block. Click edit button to change this text. Lorem ipsum dolor sit amet, consectetur adipiscing elit. Ut elit tellus, luctus nec ullamcorper mattis, pulvinar dapibus leo.[\/vc_column_text][\/vc_accordion_tab][\/vc_accordion][vc_empty_space height=\u00a0\u00bb32px\u00a0\u00bb][vc_custom_heading text=\u00a0\u00bbOPEN POSITIONS\u00a0\u00bb font_container=\u00a0\u00bbtag:h2|text_align:left\u00a0\u00bb el_class=\u00a0\u00bbheading-title-3&Prime; css=\u00a0\u00bb.vc_custom_1433574518537{margin-bottom: 20px !important;}\u00a0\u00bb][vc_column_text]<div class=\"job_listings\" data-location=\"\" data-keywords=\"\" data-show_filters=\"true\" data-show_pagination=\"false\" data-per_page=\"10\" data-orderby=\"featured\" data-order=\"DESC\" data-categories=\"\" >\n<form class=\"job_filters\">\n\t\n\t<div class=\"search_jobs\">\n\t\t\n\t\t<div class=\"search_keywords\">\n\t\t\t<label for=\"search_keywords\">Mots-cl\u00e9s<\/label>\n\t\t\t<input type=\"text\" name=\"search_keywords\" id=\"search_keywords\" placeholder=\"Mots-cl\u00e9s\" value=\"\" \/>\n\t\t<\/div>\n\n\t\t<div class=\"search_location\">\n\t\t\t<label for=\"search_location\">Lieu du poste<\/label>\n\t\t\t<input type=\"text\" name=\"search_location\" id=\"search_location\" placeholder=\"Lieu du poste\" value=\"\" \/>\n\t\t<\/div>\n\n\t\t\n\t\t\t<\/div>\n\n\t\t<ul class=\"job_types\">\n\t\t\t\t\t<li><label for=\"job_type_blog\" class=\"blog\"><input type=\"checkbox\" name=\"filter_job_type[]\" value=\"blog\"  checked='checked' id=\"job_type_blog\" \/> Blog<\/label><\/li>\n\t\t\t\t\t<li><label for=\"job_type_freelance\" class=\"freelance\"><input type=\"checkbox\" name=\"filter_job_type[]\" value=\"freelance\"  checked='checked' id=\"job_type_freelance\" \/> Freelance<\/label><\/li>\n\t\t\t\t\t<li><label for=\"job_type_full-time\" class=\"full-time\"><input type=\"checkbox\" name=\"filter_job_type[]\" value=\"full-time\"  checked='checked' id=\"job_type_full-time\" \/> Full Time<\/label><\/li>\n\t\t\t\t\t<li><label for=\"job_type_internship\" class=\"internship\"><input type=\"checkbox\" name=\"filter_job_type[]\" value=\"internship\"  checked='checked' id=\"job_type_internship\" \/> Internship<\/label><\/li>\n\t\t\t\t\t<li><label for=\"job_type_part-time\" class=\"part-time\"><input type=\"checkbox\" name=\"filter_job_type[]\" value=\"part-time\"  checked='checked' id=\"job_type_part-time\" \/> Part Time<\/label><\/li>\n\t\t\t\t\t<li><label for=\"job_type_temporary\" class=\"temporary\"><input type=\"checkbox\" name=\"filter_job_type[]\" value=\"temporary\"  checked='checked' id=\"job_type_temporary\" \/> Temporary<\/label><\/li>\n\t\t\t<\/ul>\n\t<input type=\"hidden\" name=\"filter_job_type[]\" value=\"\" \/>\n<div class=\"showing_jobs\"><\/div><\/form>\n\n\n<noscript>Votre navigateur ne supporte pas JavaScript, ou bien JavaScript est d\u00e9sactiv\u00e9. JavaScript doit \u00eatre activ\u00e9 pour pouvoir visualiser des postes.<\/noscript>\n<ul class=\"job_listings\">\n<\/ul>\n<a class=\"load_more_jobs\" href=\"#\" style=\"display:none;\"><strong>Afficher plus de postes<\/strong><\/a><\/div>[\/vc_column_text][\/vc_column][\/vc_row][vc_row row_type=\u00a0\u00bbrow\u00a0\u00bb type=\u00a0\u00bbgrid\u00a0\u00bb el_class=\u00a0\u00bbintro4 min-box align-center\u00a0\u00bb full_width=\u00a0\u00bbstretch_row_content\u00a0\u00bb css=\u00a0\u00bb.vc_custom_1433837378471{margin-bottom: 70px !important;background-color: #fdc502 !important;}\u00a0\u00bb][vc_column width=\u00a0\u00bb2\/3&Prime;][vc_custom_heading text=\u00a0\u00bbIf you find a high quality constructor for your project?\u00a0\u00bb font_container=\u00a0\u00bbtag:h3|font_size:22|text_align:center|color:%23ffffff\u00a0\u00bb][\/vc_column][vc_column width=\u00a0\u00bb1\/3&Prime;][vc_btn title=\u00a0\u00bbGET A QUOTE\u00a0\u00bb style=\u00a0\u00bboutline\u00a0\u00bb shape=\u00a0\u00bbsquare\u00a0\u00bb color=\u00a0\u00bbwhite\u00a0\u00bb size=\u00a0\u00bbmd\u00a0\u00bb align=\u00a0\u00bbinline\u00a0\u00bb i_align=\u00a0\u00bbleft\u00a0\u00bb i_type=\u00a0\u00bbfontawesome\u00a0\u00bb i_icon_fontawesome=\u00a0\u00bbfa fa-adjust\u00a0\u00bb i_icon_openiconic=\u00a0\u00bbvc-oi vc-oi-dial\u00a0\u00bb i_icon_typicons=\u00a0\u00bbtypcn typcn-adjust-brightness\u00a0\u00bb i_icon_entypo=\u00a0\u00bbentypo-icon entypo-icon-note\u00a0\u00bb i_icon_linecons=\u00a0\u00bbvc_li vc_li-heart\u00a0\u00bb css_animation=\u00a0\u00bb\u00a0\u00bb link=\u00a0\u00bburl:%23||\u00a0\u00bb button_block=\u00a0\u00bb\u00a0\u00bb add_icon=\u00a0\u00bb\u00a0\u00bb i_icon_pixelicons=\u00a0\u00bbvc_pixel_icon vc_pixel_icon-alert\u00a0\u00bb][\/vc_column][\/vc_row]<\/p>\n","protected":false},"excerpt":{"rendered":"<p>[vc_row row_type=\u00a0\u00bbrow\u00a0\u00bb type=\u00a0\u00bbgrid\u00a0\u00bb video=\u00a0\u00bb\u00a0\u00bb video_webm=\u00a0\u00bb\u00a0\u00bb video_mp4=\u00a0\u00bb\u00a0\u00bb video_ogv=\u00a0\u00bb\u00a0\u00bb background_image=\u00a0\u00bb\u00a0\u00bb parallax_speed=\u00a0\u00bb\u00a0\u00bb background_color=\u00a0\u00bb\u00a0\u00bb css=\u00a0\u00bb.vc_custom_1432547512827{margin-bottom: 50px !important;}\u00a0\u00bb][vc_column width=\u00a0\u00bb1\/4&Prime;][vc_widget_sidebar sidebar_id=\u00a0\u00bbsidebar\u00a0\u00bb][\/vc_column][vc_column width=\u00a0\u00bb3\/4&Prime;][vc_custom_heading text=\u00a0\u00bbBENEFITS AND REWARDS\u00a0\u00bb font_container=\u00a0\u00bbtag:h2|text_align:left\u00a0\u00bb el_class=\u00a0\u00bbheading-title-3&Prime; css=\u00a0\u00bb.vc_custom_1433574509564{margin-bottom: 20px !important;}\u00a0\u00bb][vc_accordion collapsible=\u00a0\u00bb\u00a0\u00bb disable_keyboard=\u00a0\u00bb\u00a0\u00bb][vc_accordion_tab title=\u00a0\u00bbCorporate Health and Wellness\u00a0\u00bb][vc_column_text]Don&rsquo;t hesitate to contact us if you have any question or concern. We are here to help and are glad to resolve any of your issue. [&hellip;]<\/p>\n","protected":false},"author":1,"featured_media":0,"parent":61,"menu_order":0,"comment_status":"closed","ping_status":"closed","template":"","meta":{"footnotes":""},"_links":{"self":[{"href":"https:\/\/archiconstruct.net\/index.php\/wp-json\/wp\/v2\/pages\/74448"}],"collection":[{"href":"https:\/\/archiconstruct.net\/index.php\/wp-json\/wp\/v2\/pages"}],"about":[{"href":"https:\/\/archiconstruct.net\/index.php\/wp-json\/wp\/v2\/types\/page"}],"author":[{"embeddable":true,"href":"https:\/\/archiconstruct.net\/index.php\/wp-json\/wp\/v2\/users\/1"}],"replies":[{"embeddable":true,"href":"https:\/\/archiconstruct.net\/index.php\/wp-json\/wp\/v2\/comments?post=74448"}],"version-history":[{"count":0,"href":"https:\/\/archiconstruct.net\/index.php\/wp-json\/wp\/v2\/pages\/74448\/revisions"}],"up":[{"embeddable":true,"href":"https:\/\/archiconstruct.net\/index.php\/wp-json\/wp\/v2\/pages\/61"}],"wp:attachment":[{"href":"https:\/\/archiconstruct.net\/index.php\/wp-json\/wp\/v2\/media?parent=74448"}],"curies":[{"name":"wp","href":"https:\/\/api.w.org\/{rel}","templated":true}]}}